{"id":156,"date":"2025-07-12T17:49:55","date_gmt":"2025-07-12T14:49:55","guid":{"rendered":"https:\/\/xn--ennurturizm-qgc.com\/index.php\/hac-turlari-2\/"},"modified":"2025-07-21T06:57:23","modified_gmt":"2025-07-21T03:57:23","slug":"hac-turlari-2","status":"publish","type":"page","link":"https:\/\/xn--ennurturizm-qgc.com\/index.php\/hac-turlari-2\/","title":{"rendered":"Hac Turlar\u0131"},"content":{"rendered":"\n    \n    <section class=\"u-clearfix u-section-2\" id=\"block-1\">\n      <div class=\"u-clearfix u-sheet u-sheet-1\">\n        <div class=\"u-container-style u-expanded-width-xs u-group u-white u-group-1\">\n          <div class=\"u-container-layout u-container-layout-1\">\n            <div class=\"custom-expanded u-container-style u-group u-palette-2-dark-1 u-group-2\">\n              <div class=\"u-container-layout u-container-layout-2\">\n                <p class=\"u-text u-text-default u-text-1\"><span style=\"font-weight: 700;\" class=\"u-text-body-alt-color\">Tur No <\/span><span class=\"u-text-body-alt-color\">: 10<\/span>\n                <\/p>\n                <p class=\"u-text u-text-body-alt-color u-text-2\"> EKONOM\u0130K SERV\u0130SL\u0130 HAC<\/p>\n                <p class=\"u-text u-text-default u-text-3\">Tur No : 10 <\/p>\n              <\/div>\n            <\/div>\n            <div class=\"fr-view u-clearfix u-rich-text u-text u-text-4\"><\/div>\n            <div class=\"custom-expanded u-container-style u-grey-5 u-group u-group-3\">\n              <div class=\"u-container-layout u-container-layout-3\">\n                <p class=\"u-text u-text-default u-text-5\"><span class=\"u-text-palette-2-dark-2\" style=\"font-weight: 700;\"> Medine Otel<\/span>\n                  <br>&nbsp; &nbsp; &nbsp;\n                <\/p>\n                <div class=\"u-container-style u-group u-image u-image-1\" data-image-width=\"227\" data-image-height=\"170\" style=\"background-image: url(&quot;https:\/\/xn--ennurturizm-qgc.com\/wp-content\/uploads\/2025\/07\/medine-1.jpg-1.jpg&quot;);\">\n                  <div class=\"u-container-layout u-container-layout-4\"><\/div>\n                <\/div>\n                <p class=\"u-text u-text-6\"><span style=\"font-weight: 700;\" class=\"u-text-palette-2-dark-2\">Mekke Otel<\/span>\n                  <br>&nbsp; &nbsp;\n                <\/p>\n                <div class=\"u-container-style u-group u-image u-image-2\" data-image-width=\"180\" data-image-height=\"320\" style=\"background-image: url(&quot;https:\/\/xn--ennurturizm-qgc.com\/wp-content\/uploads\/2025\/07\/mekke-1.jpg-1.jpg&quot;);\">\n                  <div class=\"u-container-layout u-container-layout-5\"><\/div>\n                <\/div>\n                <p class=\"u-text u-text-palette-2-dark-2 u-text-7\"> G\u00fcn Say\u0131s\u0131&nbsp; &nbsp; &nbsp; &nbsp; &nbsp; :<font color=\"#000000\">30-35 G\u00dcN<\/font>\n                <\/p>\n                <p class=\"u-text u-text-8\"><span style=\"font-size: 1rem;\"><span class=\"u-text-black\" style=\"font-size: 0.875rem; font-weight: 700;\"> Gidi\u015f Tarihi&nbsp;<\/span> &nbsp; &nbsp; &nbsp; &nbsp; &nbsp;<span style=\"font-weight: 700;\">:<span style=\"font-weight: 400;\">21 MAYIS<\/span>&nbsp;<\/span><\/span><span style=\"font-size: 1rem;\">2024 <\/span>(\u0130ST\/C\u0130D)<br>\n                <\/p><span class=\"u-file-icon u-icon u-text-palette-2-dark-1 u-icon-1\"><img decoding=\"async\" src=\"https:\/\/xn--ennurturizm-qgc.com\/wp-content\/uploads\/2025\/07\/626b582d-1.png\" alt=\"\"><\/span>\n                <p class=\"u-text u-text-9\"> Ara Ge\u00e7i\u015f&nbsp; &nbsp; &nbsp; &nbsp; &nbsp; &nbsp; &nbsp; &nbsp; <span style=\"font-size: 1rem;\">:<\/span>\n                  <br>\n                <\/p><span class=\"u-file-icon u-icon u-text-palette-2-dark-1 u-icon-2\"><img decoding=\"async\" src=\"https:\/\/xn--ennurturizm-qgc.com\/wp-content\/uploads\/2025\/07\/73f18d80-1.png\" alt=\"\"><\/span>\n                <p class=\"u-text u-text-10\"> D\u00f6n\u00fc\u015f Tarihi&nbsp; &nbsp; &nbsp; &nbsp; <span style=\"font-size: 1rem;\">&nbsp;:<\/span><span style=\"font-weight: 400; font-size: 1rem;\"><\/span><span style=\"font-size: 1rem; font-weight: 400;\">23 HAZ\u0130RAN (MED\/\u0130ST)<\/span>\n                <\/p><span class=\"u-file-icon u-icon u-text-palette-2-dark-1 u-icon-3\"><img decoding=\"async\" src=\"https:\/\/xn--ennurturizm-qgc.com\/wp-content\/uploads\/2025\/07\/626b582d-1.png\" alt=\"\"><\/span>\n                <p class=\"u-text u-text-11\"> Havayolu&nbsp; &nbsp; &nbsp; &nbsp; &nbsp;<span style=\"font-size: 1rem;\"> &nbsp; &nbsp; &nbsp;:<span style=\"font-weight: 400;\"><\/span><\/span><span style=\"font-size: 1rem; font-weight: 400;\">T\u00fcrk Hava Yollar\u0131-Suud Hava Yollar\u0131<\/span><span style=\"font-weight: 400;\"><\/span>\n                <\/p>\n                <p class=\"u-text u-text-12\"> Ares Otel (2,5-3 km) \u015ei\u015fe B\u00f6lgesi)<\/p>\n                <p class=\"u-text u-text-default-lg u-text-default-md u-text-default-sm u-text-default-xl u-text-13\"> Merkeziye B\u00f6lgesi (250 mt.)<\/p>\n                <p class=\"u-text u-text-14\"> Yemek&nbsp; &nbsp; &nbsp; &nbsp; &nbsp;&nbsp;<span style=\"font-size: 1rem;\"> &nbsp; &nbsp; &nbsp; &nbsp; :<span style=\"font-weight: 400;\"><\/span><\/span><span style=\"font-weight: 400; font-size: 1rem;\">Sabah kahvalt\u0131s\u0131 ve Ak\u015fam yeme\u011fi A\u00e7\u0131k B\u00fcfe<\/span>\n                <\/p>\n                <p class=\"u-text u-text-15\"> &nbsp; &nbsp; &nbsp; &nbsp; &nbsp;3'l\u00fc Odada<br>&nbsp; &nbsp; &nbsp; &nbsp; &nbsp; &nbsp;Ki\u015fi Ba\u015f\u0131<br><span style=\"font-size: 2.25rem;\" class=\"u-text-palette-2-dark-2\">26500 SAR <\/span><span class=\"u-text-palette-2-dark-2\"><\/span>\n                <\/p>\n                <p class=\"u-text u-text-16\"> 4'l\u00fc Odada<br>Ki\u015fi Ba\u015f\u0131<br><span style=\"font-weight: 400;\"><span style=\"font-size: 2.25rem;\"><span class=\"u-text-palette-2-dark-2\" style=\"font-weight: 700;\">24500 SAR<\/span><\/span><\/span>\n                  <br>\n                <\/p>\n                <p class=\"u-text u-text-17\">2'li Odada<br>Ki\u015fi Ba\u015f\u0131 <br><span class=\"u-text-palette-2-dark-2\" style=\"font-size: 2.25rem;\">28500 SAR<\/span>\n                  <br>\n                <\/p>\n              <\/div>\n            <\/div>\n            <div class=\"u-container-style u-expanded-width u-group u-white u-group-6\">\n              <div class=\"u-container-layout u-container-layout-6\">\n                <div class=\"fr-view u-clearfix u-rich-text u-text u-text-18\"><\/div>\n                <div class=\"custom-expanded u-container-style u-group u-palette-2-dark-1 u-group-7\">\n                  <div class=\"u-container-layout u-container-layout-7\">\n                    <p class=\"u-text u-text-body-alt-color u-text-19\"> YAKIN MESAFE L\u00dcX HAC<\/p>\n                    <p class=\"u-text u-text-default u-text-20\"> Tur No :&nbsp;11<\/p>\n                  <\/div>\n                <\/div>\n                <div class=\"u-container-style u-expanded-width-xs u-grey-5 u-group u-group-8\">\n                  <div class=\"u-container-layout u-container-layout-8\">\n                    <p class=\"u-text u-text-21\"> &nbsp; <span style=\"font-weight: 700;\" class=\"u-text-palette-2-dark-2\">Mekke Otel<\/span>\n                      <br>&nbsp; &nbsp; (10 Gece)&nbsp; &nbsp;\n                    <\/p>\n                    <p class=\"u-text u-text-default u-text-22\"><span class=\"u-text-palette-2-dark-2\" style=\"font-weight: 700;\"> Medine Otel<\/span>\n                      <br>&nbsp; &nbsp; &nbsp;(3 Gece)\n                    <\/p>\n                    <p class=\"u-text u-text-palette-2-dark-2 u-text-23\"> G\u00fcn Say\u0131s\u0131&nbsp; &nbsp; &nbsp; &nbsp; &nbsp; :<span style=\"font-weight: 400;\" class=\"u-text-black\">13 GECE 14 G\u00dcN<\/span>\n                    <\/p>\n                    <div class=\"u-container-style u-group u-image u-image-3\" data-image-width=\"180\" data-image-height=\"181\" style=\"background-image: url(&quot;https:\/\/xn--ennurturizm-qgc.com\/wp-content\/uploads\/2025\/07\/66f80e2e-1a45-45d6-88dd-881536786cecSHAZA-1.jpg-1.jpg&quot;);\">\n                      <div class=\"u-container-layout u-container-layout-9\"><\/div>\n                    <\/div>\n                    <div class=\"u-container-style u-group u-image u-image-4\" data-image-width=\"544\" data-image-height=\"170\" style=\"background-image: url(&quot;https:\/\/xn--ennurturizm-qgc.com\/wp-content\/uploads\/2025\/07\/93a8b652-0d65-4311-8a03-72d7a2f346baANJUM-1.jpg-1.jpg&quot;);\">\n                      <div class=\"u-container-layout u-container-layout-10\"><\/div>\n                    <\/div>\n                    <p class=\"u-text u-text-24\"> Konaklama&nbsp; &nbsp; &nbsp; &nbsp; &nbsp; &nbsp; <span style=\"font-size: 1.125rem;\">:<span style=\"font-weight: 400;\">14G\u00dcN<\/span><\/span>\n                    <\/p>\n                    <p class=\"u-text u-text-25\"><span style=\"font-size: 1rem;\"><span class=\"u-text-black\" style=\"font-size: 0.875rem; font-weight: 700;\"> Gidi\u015f Tarihi&nbsp;<\/span>&nbsp; &nbsp; &nbsp; &nbsp; &nbsp;&nbsp;<span style=\"font-weight: 700;\">:<span style=\"font-weight: 400;\"><\/span><\/span><\/span>31 MAYIS 2025 (\u0130ST\/C\u0130D)<br>\n                    <\/p><span class=\"u-file-icon u-icon u-text-palette-2-dark-1 u-icon-4\"><img decoding=\"async\" src=\"https:\/\/xn--ennurturizm-qgc.com\/wp-content\/uploads\/2025\/07\/626b582d-1.png\" alt=\"\"><\/span>\n                    <p class=\"u-text u-text-26\"> Ara Ge\u00e7i\u015f&nbsp; &nbsp; &nbsp; &nbsp; &nbsp; &nbsp; &nbsp; &nbsp; <span style=\"font-size: 1rem;\">:<\/span><span style=\"font-weight: 400; font-size: 1.125rem;\">10 HAZIRAN 2025 (MEK\/MED<\/span>\n                      <br>\n                    <\/p><span class=\"u-file-icon u-icon u-text-palette-2-dark-1 u-icon-5\"><img decoding=\"async\" src=\"https:\/\/xn--ennurturizm-qgc.com\/wp-content\/uploads\/2025\/07\/73f18d80-1.png\" alt=\"\"><\/span>\n                    <p class=\"u-text u-text-27\"> D\u00f6n\u00fc\u015f Tarihi&nbsp; &nbsp; &nbsp; &nbsp; <span style=\"font-size: 1rem;\">&nbsp;:<\/span><span style=\"font-weight: 400; font-size: 1rem;\"><\/span><span style=\"font-size: 1rem; font-weight: 400;\"><\/span><span style=\"font-weight: 400; font-size: 1.125rem;\">13 HAZIRAN 2025 (MED\/\u0130ST)<\/span>\n                    <\/p><span class=\"u-file-icon u-icon u-text-palette-2-dark-1 u-icon-6\"><img decoding=\"async\" src=\"https:\/\/xn--ennurturizm-qgc.com\/wp-content\/uploads\/2025\/07\/626b582d-1.png\" alt=\"\"><\/span>\n                    <p class=\"u-text u-text-default-lg u-text-default-md u-text-default-sm u-text-default-xl u-text-28\"> Shaza Regency Otel (150 mt.)<\/p>\n                    <p class=\"u-text u-text-29\"> Anjum Hotel (270 metre)<\/p>\n                    <p class=\"u-text u-text-30\"> Havayolu&nbsp; &nbsp; &nbsp; &nbsp; &nbsp;<span style=\"font-size: 1rem;\"> &nbsp; &nbsp; &nbsp; :<span style=\"font-weight: 400;\"><\/span><\/span><span style=\"font-size: 1rem; font-weight: 400;\">T\u00fcrk Hava Yollar\u0131-Suud Hava Yollar\u0131<\/span><span style=\"font-weight: 400;\"><\/span>\n                    <\/p>\n                    <p class=\"u-text u-text-31\"> Yemek&nbsp; &nbsp; &nbsp; &nbsp; &nbsp;&nbsp;<span style=\"font-size: 1rem;\"> &nbsp; &nbsp; &nbsp; &nbsp; &nbsp;:<span style=\"font-weight: 400;\"><\/span><\/span><span style=\"font-weight: 400; font-size: 1rem;\">Sabah kahvalt\u0131s\u0131 ve Ak\u015fam yeme\u011fi A\u00e7\u0131k B\u00fcfe<\/span>\n                    <\/p>\n                    <p class=\"u-text u-text-32\"> 3'l\u00fc Odada<br>Ki\u015fi Ba\u015f\u0131<br><span style=\"font-size: 2.25rem;\" class=\"u-text-palette-2-dark-2\">58200 SAR <\/span><span class=\"u-text-palette-2-dark-2\"><\/span>\n                    <\/p>\n                    <p class=\"u-text u-text-33\"> 4'l\u00fc Odada<br>Ki\u015fi Ba\u015f\u0131<br><span style=\"font-weight: 400;\"><span style=\"font-size: 2.25rem;\"><span class=\"u-text-palette-2-dark-2\" style=\"font-weight: 700;\">&nbsp;SAR<\/span><\/span><\/span>\n                      <br>\n                    <\/p>\n                    <p class=\"u-text u-text-34\">2'li Odada<br>Ki\u015fi Ba\u015f\u0131 <br><span class=\"u-text-palette-2-dark-2\" style=\"font-size: 2.25rem;\">60000 SAR<\/span>\n                      <br>\n                    <\/p>\n                  <\/div>\n                <\/div>\n                <div class=\"fr-view u-clearfix u-rich-text u-text u-text-35\"><\/div>\n                <div class=\"u-container-style u-expanded-width-xs u-group u-palette-2-dark-1 u-group-11\">\n                  <div class=\"u-container-layout u-container-layout-11\">\n                    <p class=\"u-text u-text-body-alt-color u-text-36\"> YAKIN MESAFE L\u00dcX HAC<\/p>\n                    <p class=\"u-text u-text-default u-text-37\"> Tur No :&nbsp;12<\/p>\n                  <\/div>\n                <\/div>\n                <div class=\"u-container-style u-expanded-width-xs u-grey-5 u-group u-group-12\">\n                  <div class=\"u-container-layout u-container-layout-12\">\n                    <p class=\"u-text u-text-default u-text-38\"><span class=\"u-text-palette-2-dark-2\" style=\"font-weight: 700;\"> Medine Otel<\/span>\n                      <br>&nbsp; &nbsp; &nbsp;(3 Gece)\n                    <\/p>\n                    <p class=\"u-text u-text-39\"> &nbsp; <span style=\"font-weight: 700;\" class=\"u-text-palette-2-dark-2\">Mekke Otel<\/span>\n                      <br>&nbsp; &nbsp; (10 Gece)&nbsp; &nbsp;\n                    <\/p>\n                    <p class=\"u-text u-text-palette-2-dark-2 u-text-40\"> G\u00fcn Say\u0131s\u0131&nbsp; &nbsp; &nbsp; &nbsp; &nbsp; :&nbsp;<span style=\"\" class=\"u-text-black\">13 GECE 14 G\u00dcN<\/span>\n                    <\/p>\n                    <p class=\"u-text u-text-41\"> Konaklama&nbsp; &nbsp; &nbsp; &nbsp; &nbsp; &nbsp; <span style=\"font-size: 1.125rem;\">:&nbsp;<span style=\"font-weight: 400;\">14G\u00dcN<\/span><\/span>\n                    <\/p>\n                    <div class=\"u-container-style u-group u-image u-image-5\" data-image-width=\"310\" data-image-height=\"170\" style=\"background-image: url(&quot;https:\/\/xn--ennurturizm-qgc.com\/wp-content\/uploads\/2025\/07\/dbea4b02-2201-49b4-8e75-0427abb2c72fhiltonmekke-1.jpg-1.jpg&quot;);\">\n                      <div class=\"u-container-layout u-container-layout-13\"><\/div>\n                    <\/div>\n                    <div class=\"u-container-style u-group u-image u-image-6\" data-image-width=\"180\" data-image-height=\"270\" style=\"background-image: url(&quot;https:\/\/xn--ennurturizm-qgc.com\/wp-content\/uploads\/2025\/07\/98a34823-16fe-4263-ab15-43e3bce802bbmaden-1.jpg-1.jpg&quot;);\">\n                      <div class=\"u-container-layout u-container-layout-14\"><\/div>\n                    <\/div>\n                    <p class=\"u-text u-text-42\"><span style=\"font-size: 1rem;\"><span class=\"u-text-black\" style=\"font-size: 0.875rem; font-weight: 700;\"> Gidi\u015f Tarihi&nbsp;<\/span>&nbsp; &nbsp; &nbsp; &nbsp; &nbsp; <span style=\"font-weight: 700;\">:<span style=\"font-weight: 400;\"> &nbsp;<\/span><\/span><\/span>31 MAYIS 2025 (\u0130ST\/C\u0130D)<br>\n                    <\/p><span class=\"u-file-icon u-icon u-text-palette-2-dark-1 u-icon-7\"><img decoding=\"async\" src=\"https:\/\/xn--ennurturizm-qgc.com\/wp-content\/uploads\/2025\/07\/626b582d-1.png\" alt=\"\"><\/span>\n                    <p class=\"u-text u-text-43\"> Ara Ge\u00e7i\u015f&nbsp; &nbsp; &nbsp; &nbsp; &nbsp; &nbsp; &nbsp; &nbsp; <span style=\"font-size: 1rem;\">:&nbsp;<\/span><span style=\"font-weight: 400; font-size: 1.125rem;\">10 HAZIRAN 2025 (MEK\/MED<\/span>\n                      <br>\n                    <\/p><span class=\"u-file-icon u-icon u-text-palette-2-dark-1 u-icon-8\"><img decoding=\"async\" src=\"https:\/\/xn--ennurturizm-qgc.com\/wp-content\/uploads\/2025\/07\/73f18d80-1.png\" alt=\"\"><\/span>\n                    <p class=\"u-text u-text-44\"> D\u00f6n\u00fc\u015f Tarihi&nbsp; &nbsp; &nbsp; &nbsp; <span style=\"font-size: 1rem;\">&nbsp;:<\/span><span style=\"font-weight: 400; font-size: 1rem;\"><\/span><span style=\"font-size: 1rem; font-weight: 400;\"> &nbsp;<\/span><span style=\"font-weight: 400; font-size: 1.125rem;\">13 HAZIRAN 2025 (MED\/\u0130ST)<\/span>\n                    <\/p><span class=\"u-file-icon u-icon u-text-palette-2-dark-1 u-icon-9\"><img decoding=\"async\" src=\"https:\/\/xn--ennurturizm-qgc.com\/wp-content\/uploads\/2025\/07\/626b582d-1.png\" alt=\"\"><\/span>\n                    <p class=\"u-text u-text-45\"> Havayolu&nbsp; &nbsp; &nbsp; &nbsp; &nbsp;<span style=\"font-size: 1rem;\"> &nbsp; &nbsp; &nbsp; :<span style=\"font-weight: 400;\"> &nbsp;<\/span><\/span><span style=\"font-size: 1rem; font-weight: 400;\">T\u00fcrk Hava Yollar\u0131-Suud Hava Yollar\u0131<\/span><span style=\"font-weight: 400;\"><\/span>\n                    <\/p>\n                    <p class=\"u-text u-text-default u-text-46\"> Maden Otel<\/p>\n                    <p class=\"u-text u-text-47\"> Makkah Otel (Eski Hilton)<\/p>\n                    <p class=\"u-text u-text-48\"> Yemek&nbsp; &nbsp; &nbsp; &nbsp; &nbsp;&nbsp;<span style=\"font-size: 1rem;\"> &nbsp; &nbsp; &nbsp; &nbsp; &nbsp; :<span style=\"font-weight: 400;\"> &nbsp;<\/span><\/span><span style=\"font-weight: 400; font-size: 1rem;\">Sabah kahvalt\u0131s\u0131 ve Ak\u015fam yeme\u011fi A\u00e7\u0131k B\u00fcfe<\/span>\n                    <\/p>\n                    <p class=\"u-text u-text-49\"> 3'l\u00fc Odada<br>Ki\u015fi Ba\u015f\u0131<br><span style=\"font-size: 2.25rem;\" class=\"u-text-palette-2-dark-2\">79500 SAR <\/span><span class=\"u-text-palette-2-dark-2\"><\/span>\n                    <\/p>\n                    <p class=\"u-text u-text-50\"> 4'l\u00fc Odada<br>Ki\u015fi Ba\u015f\u0131<br><span style=\"font-weight: 400;\"><span style=\"font-size: 2.25rem;\"><span class=\"u-text-palette-2-dark-2\" style=\"font-weight: 700;\">&nbsp;SAR<\/span><\/span><\/span>\n                      <br>\n                    <\/p>\n                    <p class=\"u-text u-text-51\">2'li Odada<br>Ki\u015fi Ba\u015f\u0131 <br><span class=\"u-text-palette-2-dark-2\" style=\"font-size: 2.25rem;\">82000 SAR<\/span>\n                      <br>\n                    <\/p>\n                  <\/div>\n                <\/div>\n              <\/div>\n            <\/div>\n          <\/div>\n        <\/div>\n      <\/div>\n    <\/section>\n    \n    \n    \n    \n  \n","protected":false},"excerpt":{"rendered":"<p>Tur No : 10 EKONOM\u0130K SERV\u0130SL\u0130 HAC Tur No : 10 Medine Otel &nbsp; &nbsp; &nbsp; Mekke Otel &nbsp; &nbsp; G\u00fcn Say\u0131s\u0131&nbsp; &nbsp; &nbsp; &nbsp; &nbsp; :30-35 G\u00dcN Gidi\u015f Tarihi&nbsp; &nbsp; &nbsp; &nbsp; &nbsp; &nbsp;:21 MAYIS&nbsp;2024 (\u0130ST\/C\u0130D) Ara Ge\u00e7i\u015f&nbsp; &nbsp; &nbsp; &nbsp; &nbsp; &nbsp; &nbsp; &nbsp; : D\u00f6n\u00fc\u015f Tarihi&nbsp; &nbsp; &nbsp; &nbsp; &nbsp;:23 HAZ\u0130RAN (MED\/\u0130ST) &hellip; <a href=\"https:\/\/xn--ennurturizm-qgc.com\/index.php\/hac-turlari-2\/\" class=\"more-link\">Continue reading<span class=\"screen-reader-text\"> &#8220;Hac Turlar\u0131&#8221;<\/span><\/a><\/p>\n","protected":false},"author":1,"featured_media":0,"parent":0,"menu_order":1,"comment_status":"closed","ping_status":"closed","template":"","meta":{"footnotes":""},"class_list":["post-156","page","type-page","status-publish","hentry"],"_links":{"self":[{"href":"https:\/\/xn--ennurturizm-qgc.com\/index.php\/wp-json\/wp\/v2\/pages\/156","targetHints":{"allow":["GET"]}}],"collection":[{"href":"https:\/\/xn--ennurturizm-qgc.com\/index.php\/wp-json\/wp\/v2\/pages"}],"about":[{"href":"https:\/\/xn--ennurturizm-qgc.com\/index.php\/wp-json\/wp\/v2\/types\/page"}],"author":[{"embeddable":true,"href":"https:\/\/xn--ennurturizm-qgc.com\/index.php\/wp-json\/wp\/v2\/users\/1"}],"replies":[{"embeddable":true,"href":"https:\/\/xn--ennurturizm-qgc.com\/index.php\/wp-json\/wp\/v2\/comments?post=156"}],"version-history":[{"count":4,"href":"https:\/\/xn--ennurturizm-qgc.com\/index.php\/wp-json\/wp\/v2\/pages\/156\/revisions"}],"predecessor-version":[{"id":412,"href":"https:\/\/xn--ennurturizm-qgc.com\/index.php\/wp-json\/wp\/v2\/pages\/156\/revisions\/412"}],"wp:attachment":[{"href":"https:\/\/xn--ennurturizm-qgc.com\/index.php\/wp-json\/wp\/v2\/media?parent=156"}],"curies":[{"name":"wp","href":"https:\/\/api.w.org\/{rel}","templated":true}]}}