{"id":159,"date":"2025-07-12T17:49:58","date_gmt":"2025-07-12T14:49:58","guid":{"rendered":"https:\/\/xn--ennurturizm-qgc.com\/index.php\/umrenedir-2\/"},"modified":"2025-07-12T17:50:07","modified_gmt":"2025-07-12T14:50:07","slug":"umrenedir-2","status":"publish","type":"page","link":"https:\/\/xn--ennurturizm-qgc.com\/index.php\/umrenedir-2\/","title":{"rendered":"UmreNedir"},"content":{"rendered":"\n  \n    <section class=\"u-clearfix u-section-1\" id=\"block-5\">\n      <div class=\"u-clearfix u-sheet u-sheet-1\">\n        <p class=\"u-align-left u-custom-font u-heading-font u-text u-text-default u-text-1\"><span style=\"text-decoration: underline !important; font-size: 1.25rem;\"> Umre: \u0130slam\u2019\u0131n Kutsal Ziyaretlerinden Birisi<\/span>\n          <br>\n          <br><span style=\"font-weight: 400;\">\u0130slam dini, M\u00fcsl\u00fcmanlar i\u00e7in \u00e7e\u015fitli ibadetlerin yerine getirilmesini \u00f6ng\u00f6r\u00fcr. Bu ibadetlerden birisi de umredir. Umre, hac ile birlikte \u0130slam\u0131n kutsal ziyaretlerinden biridir ve M\u00fcsl\u00fcmanlar i\u00e7in \u00f6nemli bir rit\u00fceldir. Her y\u0131l d\u00fcnyan\u0131n d\u00f6rt bir yan\u0131ndan milyonlarca M\u00fcsl\u00fcman, Mekkeye umre yapmak i\u00e7in ak\u0131n eder.<\/span>\n          <br>\n          <br>\n          <br><span style=\"font-size: 1.25rem;\">Umre Nedir?<\/span>\n          <br><span style=\"font-weight: 400; font-size: 1rem;\">Umre, \u0130slam inanc\u0131na g\u00f6re K\u00e2beyi ziyaret etmek ve belirli ibadetleri yerine getirmek i\u00e7in yap\u0131lan bir hac ibadetidir. Umre, hac kadar zorunlu de\u011fildir, ancak M\u00fcsl\u00fcmanlar i\u00e7in \u00f6nemli bir gelenektir. Umre, herhangi bir zaman diliminde yap\u0131labilir, ancak hac gibi belli bir tarih aral\u0131\u011f\u0131na ba\u011fl\u0131 de\u011fildir. Bu nedenle, M\u00fcsl\u00fcmanlar umreyi istedikleri zaman ger\u00e7ekle\u015ftirebilirler.<\/span>\n          <br>\n          <br>\n          <br><span style=\"font-size: 1.25rem;\">Umre \u0130badetinin Ad\u0131mlar\u0131<\/span>\n          <br><span style=\"font-weight: 400; font-size: 1rem;\">Umre ibadeti, belirli ad\u0131mlar\u0131 izler:<\/span>\n          <br>\n          <br>\n          <br><span style=\"font-size: 1.25rem;\">\u0130hram:<\/span>&nbsp;<span style=\"font-size: 1rem; font-weight: 400;\">Umre yapmak isteyen bir M\u00fcsl\u00fcman, ihram ad\u0131 verilen \u00f6zel elbiseyi giyer. Bu elbise, basit bir beyaz kaftan ve ba\u015fa sar\u0131lan iki par\u00e7a kuma\u015ftan olu\u015fur. \u0130hrama girdikten sonra belirli yasaklara uymak gerekir.<\/span>\n          <br><span style=\"font-size: 1.25rem;\">Tavaf:<\/span>&nbsp;<span style=\"font-size: 1rem; font-weight: 400;\">\u0130hram giyildikten sonra, K\u00e2benin etraf\u0131nda yedi tur atmak suretiyle tavaf yap\u0131l\u0131r. Tavaf, K\u00e2benin etraf\u0131nda y\u00fcr\u00fcyerek veya sedyede dola\u015farak ger\u00e7ekle\u015ftirilebilir.<\/span>\n          <br><span style=\"font-size: 1.25rem;\">Say:&nbsp;<\/span><span style=\"font-weight: 400; font-size: 1rem;\">Tavaf\u0131n ard\u0131ndan Safa ve Merve tepeleri aras\u0131nda yedi defa gidip gelme ibadeti olan say yap\u0131l\u0131r. Bu, Hz. \u0130brahimin e\u015fi Hacerin Safa ve Merve aras\u0131nda su aray\u0131\u015f\u0131n\u0131 hat\u0131rlat\u0131r.<\/span>\n          <br>\n          <br>\n          <br><span style=\"font-size: 1.25rem;\">T\u0131ra\u015f veya K\u0131saltma: <\/span><span style=\"font-weight: 400; font-size: 1rem;\">Umre tamamland\u0131\u011f\u0131nda, erkekler sa\u00e7lar\u0131n\u0131 t\u0131ra\u015f ederken veya k\u0131salt\u0131rken, kad\u0131nlar ise sa\u00e7lar\u0131n\u0131n u\u00e7lar\u0131n\u0131 k\u0131salt\u0131r.<\/span>\n          <br>\n          <br>\n          <br><span style=\"font-size: 1.25rem;\">Umrenin Manevi De\u011feri<\/span>\n          <br><span style=\"font-weight: 400; font-size: 1rem;\">Umre ibadeti, M\u00fcsl\u00fcmanlar i\u00e7in b\u00fcy\u00fck bir manevi de\u011fere sahiptir. K\u00e2benin etraf\u0131nda tavaf etmek ve Hz. \u0130brahimin izlerini takip etmek, inananlar i\u00e7in derin bir duygusal deneyimdir. Umre, ki\u015finin Allaha yak\u0131nla\u015fmas\u0131na, g\u00fcnahlar\u0131n\u0131n affedilmesine ve manevi ar\u0131nmaya vesile olur. Bu ibadet ayn\u0131 zamanda M\u00fcsl\u00fcmanlar aras\u0131nda birlik ve beraberli\u011fi peki\u015ftirir, \u00e7\u00fcnk\u00fc insanlar farkl\u0131 \u00fclkelerden ve k\u00fclt\u00fcrlerden gelerek ortak bir ama\u00e7 i\u00e7in bir araya gelirler.<\/span>\n          <br>\n          <br>\n          <br><span style=\"font-size: 1.25rem;\">Sonu\u00e7<\/span>\n          <br><span style=\"font-weight: 400; font-size: 1rem;\">Umre, \u0130slam\u0131n kutsal ziyaretlerinden biri olup M\u00fcsl\u00fcmanlar i\u00e7in \u00f6nemli bir ibadettir. K\u00e2beyi ziyaret etmek, tavaf yapmak ve say ibadetini ger\u00e7ekle\u015ftirmek, inananlar i\u00e7in derin bir manevi deneyimdir. Umre, Allaha yak\u0131nla\u015fma, g\u00fcnahlar\u0131n aff\u0131 ve M\u00fcsl\u00fcmanlar aras\u0131nda birlik ve beraberlik gibi bir\u00e7ok fayda sa\u011flar. Bu nedenle, M\u00fcsl\u00fcmanlar i\u00e7in umre, hayatlar\u0131nda \u00f6nemli bir yer tutar ve pek \u00e7ok inanan i\u00e7in \u00f6m\u00fcr boyu bir hedef olarak kal\u0131r.<\/span>\n        <\/p>\n      <\/div>\n    <\/section>\n    \n    \n    \n    \n    \n  \n","protected":false},"excerpt":{"rendered":"<p>Umre: \u0130slam\u2019\u0131n Kutsal Ziyaretlerinden Birisi \u0130slam dini, M\u00fcsl\u00fcmanlar i\u00e7in \u00e7e\u015fitli ibadetlerin yerine getirilmesini \u00f6ng\u00f6r\u00fcr. Bu ibadetlerden birisi de umredir. Umre, hac ile birlikte \u0130slam\u0131n kutsal ziyaretlerinden biridir ve M\u00fcsl\u00fcmanlar i\u00e7in \u00f6nemli bir rit\u00fceldir. Her y\u0131l d\u00fcnyan\u0131n d\u00f6rt bir yan\u0131ndan milyonlarca M\u00fcsl\u00fcman, Mekkeye umre yapmak i\u00e7in ak\u0131n eder. Umre Nedir? Umre, \u0130slam inanc\u0131na g\u00f6re K\u00e2beyi ziyaret &hellip; <a href=\"https:\/\/xn--ennurturizm-qgc.com\/index.php\/umrenedir-2\/\" class=\"more-link\">Continue reading<span class=\"screen-reader-text\"> &#8220;UmreNedir&#8221;<\/span><\/a><\/p>\n","protected":false},"author":1,"featured_media":0,"parent":0,"menu_order":4,"comment_status":"closed","ping_status":"closed","template":"","meta":{"footnotes":""},"class_list":["post-159","page","type-page","status-publish","hentry"],"_links":{"self":[{"href":"https:\/\/xn--ennurturizm-qgc.com\/index.php\/wp-json\/wp\/v2\/pages\/159","targetHints":{"allow":["GET"]}}],"collection":[{"href":"https:\/\/xn--ennurturizm-qgc.com\/index.php\/wp-json\/wp\/v2\/pages"}],"about":[{"href":"https:\/\/xn--ennurturizm-qgc.com\/index.php\/wp-json\/wp\/v2\/types\/page"}],"author":[{"embeddable":true,"href":"https:\/\/xn--ennurturizm-qgc.com\/index.php\/wp-json\/wp\/v2\/users\/1"}],"replies":[{"embeddable":true,"href":"https:\/\/xn--ennurturizm-qgc.com\/index.php\/wp-json\/wp\/v2\/comments?post=159"}],"version-history":[{"count":1,"href":"https:\/\/xn--ennurturizm-qgc.com\/index.php\/wp-json\/wp\/v2\/pages\/159\/revisions"}],"predecessor-version":[{"id":177,"href":"https:\/\/xn--ennurturizm-qgc.com\/index.php\/wp-json\/wp\/v2\/pages\/159\/revisions\/177"}],"wp:attachment":[{"href":"https:\/\/xn--ennurturizm-qgc.com\/index.php\/wp-json\/wp\/v2\/media?parent=159"}],"curies":[{"name":"wp","href":"https:\/\/api.w.org\/{rel}","templated":true}]}}