{"id":167,"date":"2025-07-12T17:50:06","date_gmt":"2025-07-12T14:50:06","guid":{"rendered":"https:\/\/xn--ennurturizm-qgc.com\/index.php\/hacnedir-2\/"},"modified":"2025-07-12T17:50:09","modified_gmt":"2025-07-12T14:50:09","slug":"hacnedir-2","status":"publish","type":"page","link":"https:\/\/xn--ennurturizm-qgc.com\/index.php\/hacnedir-2\/","title":{"rendered":"HacNedir"},"content":{"rendered":"\n  \n    <section class=\"u-clearfix u-section-1\" id=\"block-1\">\n      <div class=\"u-clearfix u-sheet u-sheet-1\">\n        <p class=\"u-text u-text-default u-text-1\"><span style=\"font-weight: 700;\">Hac<\/span><span style=\"font-weight: 700;\">: \u0130slam\u2019\u0131n Be\u015f \u015eart\u0131ndan Birisi ve Kutsal Ziyaretlerden En \u00d6nemlisi<\/span>\n          <br>\u0130slam dini, M\u00fcsl\u00fcmanlar i\u00e7in \u00e7e\u015fitli ibadetlerin yerine getirilmesini \u00f6ng\u00f6r\u00fcr. Bu ibadetlerden birisi de hacd\u0131r. Hac, \u0130slam\u0131n be\u015f \u015fart\u0131ndan birisi olarak kabul edilir ve M\u00fcsl\u00fcmanlar i\u00e7in en kutsal ziyaretlerden biridir. Her y\u0131l d\u00fcnyan\u0131n d\u00f6rt bir yan\u0131ndan milyonlarca M\u00fcsl\u00fcman, Mekkeye hac yapmak i\u00e7in ak\u0131n eder.<br>\n          <br>\n          <br><span style=\"font-weight: 700; font-size: 1.25rem;\">Hac Nedir?<\/span>\n          <br>Hac, \u0130slam inanc\u0131na g\u00f6re K\u00e2beyi ziyaret etmek ve belirli ibadetleri yerine getirmek i\u00e7in yap\u0131lan bir kutsal yolculuktur. Hac, her M\u00fcsl\u00fcman i\u00e7in bir kez \u00f6m\u00fcr boyu yap\u0131lmas\u0131 gereken bir ibadettir, ancak sa\u011fl\u0131k veya mali durum gibi zorlay\u0131c\u0131 sebeplerle baz\u0131lar\u0131n\u0131n yapmas\u0131 gerekmeyebilir.<br>\n          <br>\n          <br><span style=\"font-weight: 700; font-size: 1.25rem;\">Hac \u0130badetinin Ad\u0131mlar\u0131<\/span>\n          <br>Hac ibadeti, belirli ad\u0131mlar\u0131 izler:<br>\n          <br>\n          <br><span style=\"font-weight: 700;\">\u0130hram<\/span>:&nbsp;Hac yapmak isteyen bir M\u00fcsl\u00fcman, ihram ad\u0131 verilen \u00f6zel elbiseyi giyer. Bu elbise, basit bir beyaz kaftan ve ba\u015fa sar\u0131lan iki par\u00e7a kuma\u015ftan olu\u015fur. \u0130hrama girdikten sonra belirli yasaklara uymak gerekir.<br><span style=\"font-weight: 700;\">Vakfe<\/span>:&nbsp;Hac, Arafat Ovas\u0131nda yap\u0131lan vakfe ile ba\u015flar. M\u00fcsl\u00fcmanlar, Arafat Ovas\u0131nda toplan\u0131r ve Allah\u0131n huzurunda dua ederler. Bu, t\u00f6vbe, ba\u011f\u0131\u015flanma ve dua i\u00e7in \u00f6nemli bir f\u0131rsatt\u0131r.<br><span style=\"font-weight: 700;\">Tavaf<\/span>:&nbsp;Vakfe sonras\u0131nda, M\u00fcsl\u00fcmanlar K\u00e2benin etraf\u0131nda yedi tur atmak suretiyle tavaf yaparlar. Tavaf, K\u00e2benin etraf\u0131nda y\u00fcr\u00fcyerek veya sedyede dola\u015farak ger\u00e7ekle\u015ftirilebilir.<br><span style=\"font-weight: 700;\">Say<\/span>:&nbsp;Tavaf\u0131n ard\u0131ndan Safa ve Merve tepeleri aras\u0131nda yedi defa gidip gelme ibadeti olan say yap\u0131l\u0131r. Bu, Hz. \u0130brahimin e\u015fi Hacerin Safa ve Merve aras\u0131nda su aray\u0131\u015f\u0131n\u0131 hat\u0131rlat\u0131r.<br><span style=\"font-weight: 700;\">T\u0131ra\u015f veya K\u0131saltma<\/span>: Hac tamamland\u0131\u011f\u0131nda, erkekler sa\u00e7lar\u0131n\u0131 t\u0131ra\u015f ederken veya k\u0131salt\u0131rken, kad\u0131nlar ise sa\u00e7lar\u0131n\u0131n u\u00e7lar\u0131n\u0131 k\u0131salt\u0131r.<br>\n          <br>\n          <br><span style=\"font-weight: 700; font-size: 1.25rem;\">Hac\u0131n Manevi De\u011feri<\/span>\n          <br>Hac ibadeti, M\u00fcsl\u00fcmanlar i\u00e7in b\u00fcy\u00fck bir manevi de\u011fere sahiptir. K\u00e2benin etraf\u0131nda tavaf etmek ve Arafat Ovas\u0131nda dua etmek, inananlar i\u00e7in derin bir duygusal deneyimdir. Hac, ki\u015finin Allaha yak\u0131nla\u015fmas\u0131na, g\u00fcnahlar\u0131n\u0131n affedilmesine ve manevi ar\u0131nmaya vesile olur. Ayr\u0131ca, M\u00fcsl\u00fcmanlar aras\u0131nda birlik ve beraberli\u011fi peki\u015ftirir, \u00e7\u00fcnk\u00fc insanlar farkl\u0131 \u00fclkelerden ve k\u00fclt\u00fcrlerden gelerek ortak bir ama\u00e7 i\u00e7in bir araya gelirler.\n        <\/p>\n      <\/div>\n    <\/section>\n    \n    \n    \n    \n    \n  \n","protected":false},"excerpt":{"rendered":"<p>Hac: \u0130slam\u2019\u0131n Be\u015f \u015eart\u0131ndan Birisi ve Kutsal Ziyaretlerden En \u00d6nemlisi \u0130slam dini, M\u00fcsl\u00fcmanlar i\u00e7in \u00e7e\u015fitli ibadetlerin yerine getirilmesini \u00f6ng\u00f6r\u00fcr. Bu ibadetlerden birisi de hacd\u0131r. Hac, \u0130slam\u0131n be\u015f \u015fart\u0131ndan birisi olarak kabul edilir ve M\u00fcsl\u00fcmanlar i\u00e7in en kutsal ziyaretlerden biridir. Her y\u0131l d\u00fcnyan\u0131n d\u00f6rt bir yan\u0131ndan milyonlarca M\u00fcsl\u00fcman, Mekkeye hac yapmak i\u00e7in ak\u0131n eder. Hac Nedir? &hellip; <a href=\"https:\/\/xn--ennurturizm-qgc.com\/index.php\/hacnedir-2\/\" class=\"more-link\">Continue reading<span class=\"screen-reader-text\"> &#8220;HacNedir&#8221;<\/span><\/a><\/p>\n","protected":false},"author":1,"featured_media":0,"parent":0,"menu_order":12,"comment_status":"closed","ping_status":"closed","template":"","meta":{"footnotes":""},"class_list":["post-167","page","type-page","status-publish","hentry"],"_links":{"self":[{"href":"https:\/\/xn--ennurturizm-qgc.com\/index.php\/wp-json\/wp\/v2\/pages\/167","targetHints":{"allow":["GET"]}}],"collection":[{"href":"https:\/\/xn--ennurturizm-qgc.com\/index.php\/wp-json\/wp\/v2\/pages"}],"about":[{"href":"https:\/\/xn--ennurturizm-qgc.com\/index.php\/wp-json\/wp\/v2\/types\/page"}],"author":[{"embeddable":true,"href":"https:\/\/xn--ennurturizm-qgc.com\/index.php\/wp-json\/wp\/v2\/users\/1"}],"replies":[{"embeddable":true,"href":"https:\/\/xn--ennurturizm-qgc.com\/index.php\/wp-json\/wp\/v2\/comments?post=167"}],"version-history":[{"count":1,"href":"https:\/\/xn--ennurturizm-qgc.com\/index.php\/wp-json\/wp\/v2\/pages\/167\/revisions"}],"predecessor-version":[{"id":185,"href":"https:\/\/xn--ennurturizm-qgc.com\/index.php\/wp-json\/wp\/v2\/pages\/167\/revisions\/185"}],"wp:attachment":[{"href":"https:\/\/xn--ennurturizm-qgc.com\/index.php\/wp-json\/wp\/v2\/media?parent=167"}],"curies":[{"name":"wp","href":"https:\/\/api.w.org\/{rel}","templated":true}]}}