{"id":62,"date":"2025-07-12T16:56:39","date_gmt":"2025-07-12T13:56:39","guid":{"rendered":"https:\/\/xn--ennurturizm-qgc.com\/index.php\/tur-detayi-luks\/"},"modified":"2025-07-18T07:11:10","modified_gmt":"2025-07-18T04:11:10","slug":"tur-detayi-luks","status":"publish","type":"page","link":"https:\/\/xn--ennurturizm-qgc.com\/index.php\/tur-detayi-luks\/","title":{"rendered":"TUR DETAYI (L\u00dcKS)"},"content":{"rendered":"\n    \n    <section class=\"u-clearfix u-section-2\" id=\"block-2\">\n      <div class=\"u-clearfix u-sheet u-sheet-1\">\n        <div class=\"u-clearfix u-custom-html u-expanded-width u-custom-html-1\"><\/div>\n        <div class=\"u-clearfix u-custom-html u-expanded-width u-custom-html-2\">\n          <div style=\"max-width:1000px; margin:auto; font-family:Arial, sans-serif; color:#222; padding:20px;\">\n            <h2 style=\"color:#A35559; text-align:center;\">L\u00dcKS UMRE 8G\u00dcN<\/h2>\n            <div style=\"display:flex; flex-wrap:wrap; gap:30px; margin:20px 0;\"><!-- Mekke Oteli -->\n              <div style=\"flex:1; min-width:280px;\">\n                <h3 style=\"color:#6b4748;\">MEKKE OTEL\u0130<br><span style=\"font-size:15px; color:#444;\">(11 Gece)<\/span>\n                <\/h3>\n                <p>\n                  <strong>Makkah Otel (Eski Hilton)<\/strong>\n                <\/p><!-- B\u00fcy\u00fck resim -->\n                <img decoding=\"async\" id=\"mekkeImage\" src=\"\/images\/12.png\" alt=\"mekke otel\" style=\"width:100%; border-radius:10px; margin-bottom:10px;\"><!-- K\u00fc\u00e7\u00fck resimler -->\n                <div style=\"overflow-x: auto; white-space: nowrap; margin-top: 15px; padding-bottom: 10px;\">\n                  <img decoding=\"async\" src=\"\/images\/13.png\" style=\"height:100px; margin-right:10px; border-radius:8px; cursor:pointer;\" onclick=\"document.getElementById('mekkeImage').src=this.src\">\n                  <img decoding=\"async\" src=\"\/images\/14.png\" style=\"height:100px; margin-right:10px; border-radius:8px; cursor:pointer;\" onclick=\"document.getElementById('mekkeImage').src=this.src\">\n                  <img decoding=\"async\" src=\"\/images\/15.png\" style=\"height:100px; margin-right:10px; border-radius:8px; cursor:pointer;\" onclick=\"document.getElementById('mekkeImage').src=this.src\">\n                  <img decoding=\"async\" src=\"\/images\/16.png\" style=\"height:100px; margin-right:10px; border-radius:8px; cursor:pointer;\" onclick=\"document.getElementById('mekkeImage').src=this.src\">\n                  <img decoding=\"async\" src=\"\/images\/17.png\" style=\"height:100px; margin-right:10px; border-radius:8px; cursor:pointer;\" onclick=\"document.getElementById('mekkeImage').src=this.src\">\n                <\/div>\n              <\/div><!-- Bilgiler -->\n              <div style=\"flex:1.2; min-width:280px;\">\n                <p>\n                  <strong>G\u00fcn Say\u0131s\u0131:<\/strong> 7 Gece 8 G\u00fcn \n                <\/p>\n                <p>\n                  <strong>Gidi\u015f Tarihi:<\/strong> 22 \u015eUBAT 2025 (\u0130ST\/MED) \n                <\/p>\n                <p>\n                  <strong>Ara Ge\u00e7i\u015f:<\/strong> 25 \u015eUBAT 2025 (MED\/MEK) \n                <\/p>\n                <p>\n                  <strong>D\u00f6n\u00fc\u015f Tarihi:<\/strong> 1 MART 2025 (C\u0130D\/\u0130ST) \n                <\/p>\n                <p>\n                  <strong>Yemek Bilgisi:<\/strong> Sabah kahvalt\u0131s\u0131 ve Ak\u015fam yeme\u011fi A\u00e7\u0131k B\u00fcfe \n                <\/p>\n              <\/div><!-- Medine Oteli -->\n              <div style=\"flex:1; min-width:280px;\">\n                <h3 style=\"color:#6b4748;\">MED\u0130NE OTEL\u0130<br><span style=\"font-size:15px; color:#444;\">(3 Gece)<\/span>\n                <\/h3>\n                <p>\n                  <strong>Al Rawda Royal Inn ve Movenpick Otel vb (50 mt)<\/strong>\n                <\/p>\n                <img decoding=\"async\" src=\"\/images\/18.png\" alt=\"medine otel\" style=\"width:100%; border-radius:10px;\">\n              <\/div>\n            <\/div>\n            <h3 style=\"background:#A35559; color:white; padding:10px;\">F\u0130YAT TABLOSU<\/h3>\n            <div style=\"overflow-x:auto;\">\n              <table style=\"width:100%; border-collapse:collapse; font-size:15px;\">\n                <tbody>\n                  <tr style=\"background:#eee; text-align:center;\">\n                    <th>Tek Ki\u015filik<\/th>\n                    <th>2 Ki\u015filik<\/th>\n                    <th>3 Ki\u015filik<\/th>\n                    <th>4 Ki\u015filik<\/th>\n                    <th>0\u20132 Ya\u015f<\/th>\n                    <th>3\u20135 Ya\u015f<\/th>\n                    <th>6\u201311 Ya\u015f<\/th>\n                  <\/tr>\n                  <tr style=\"text-align:center;\">\n                    <td>$<\/td>\n                    <td>2300 $<\/td>\n                    <td>2250 $<\/td>\n                    <td>2200 $<\/td>\n                    <td>550 $<\/td>\n                    <td>950 $<\/td>\n                    <td>1100 $<\/td>\n                  <\/tr>\n                <\/tbody>\n              <\/table>\n            <\/div>\n            <h3 style=\"background:#A35559; color:white; padding:10px;\">HAVAYOLU B\u0130LG\u0130S\u0130<\/h3>\n            <p>\n              <strong>Havayolu:<\/strong> T\u00fcrk Hava Yollar\u0131 - Suud Hava Yollar\u0131 \n            <\/p>\n            <p>\n              <strong>Bulu\u015fma G\u00fcn\u00fc:<\/strong> 15 \u015eUBAT 2025 \n            <\/p>\n            <p>\n              <strong>Bulu\u015fma Saati:<\/strong> \u2014 \n            <\/p>\n            <h3 style=\"background:#A35559; color:white; padding:10px;\">TUR PROGRAMI<\/h3>\n            <div style=\"font-size:14px; line-height:1.7;\">\n              <p>\n                <strong>1.G\u00dcN: \u0130STANBUL - MED\u0130NE<\/strong>\n                <br>\u0130stanbul Havaliman\u0131 D\u0131\u015f Hatlar Terminali giri\u015findeki g\u00fcvenlik kontrol\u00fcnden sonra \u015eENNUR kontuar\u0131 \u00f6n\u00fcnde \u2026\u2026\u2026.. bulu\u015fma. \u015eENNUR kontuar\u0131nda yap\u0131lacak bilet ve bagaj i\u015flemlerinin ard\u0131ndan \u2026\u2026\u2026.. Medine\u2019ye u\u00e7u\u015f, \u2026\u2026\u2026\u2026. var\u0131\u015f. Kar\u015f\u0131lama, Medine \u2026\u2026\u2026. otel\u2019ine transfer ve yerle\u015fme. Ak\u015fam yeme\u011finden sonra saat \u2026\u2026\u2026\u2026\u2026 .rehberimizle birlikte Mescid-i Nebevi tan\u0131t\u0131m\u0131, Kabr-i Saadet ve Ravza ziyareti ile Cennet\u00fc'l-Baki selamlamas\u0131. \n              <\/p>\n              <p>\n                <strong>2.G\u00dcN: MED\u0130NE<\/strong>\n                <br>Kahvalt\u0131 otelimizde. \u0130kindi namaz\u0131ndan sonra saat \u2026\u2026\u2026.. Cennet\u00fc'l-Baki \u00f6n\u00fcnde g\u00f6revlimizle bulu\u015farak Sahabi Kabirleri\u2019ni ziyaretleri. Ak\u015fam yeme\u011fi otelimizde. \n              <\/p>\n              <p>\n                <strong>3.G\u00dcN: MED\u0130NE<\/strong>\n                <br>Kahvalt\u0131 otelimizde. 07.30\u2019da otelimizden hareket ederek Medine ve civar\u0131ndaki Uhud \u015eehitli\u011fi, \u0130ki K\u0131bleli Mescit, Hendek harbinin cereyan etti\u011fi mahal ve Kuba Mescidi\u2019ne ziyaret turu. Ak\u015fam yeme\u011fi otelimizde. \n              <\/p>\n              <p>\n                <strong>4.G\u00dcN: MED\u0130NE \u2013 MEKKE<\/strong>\n                <br>Kahvalt\u0131 otelimizde. Saat:07.00\u2019da bagajlar\u0131n oda kap\u0131lar\u0131n\u0131n \u00f6n\u00fcne b\u0131rak\u0131lmas\u0131. \u00d6\u011fle namaz\u0131ndan sonra; Otelimizde \u00f6\u011fle yeme\u011fi ikram\u0131. Daha sonra  ihram haz\u0131rl\u0131\u011f\u0131 ve 14.30\u2019da  \u00f6zel otob\u00fcs ile umre\u2019ye niyet etmek \u00fczere Mikat Mescidi\u2019ne, oradan da Mekke\u2019ye hareket. Saat      sular\u0131nda var\u0131\u015f ve \u2026\u2026\u2026\u2026. Oteli\u2019ne yerle\u015fme. Ak\u015fam yeme\u011finden sonra g\u00f6revlilerimiz ile Haremi \u015eerif\u2019e geli\u015f ve Umre ibadetinin edas\u0131. \n              <\/p>\n              <p>\n                <strong>5.G\u00dcN: MEKKE<\/strong>\n                <br>Kahvalt\u0131 ve Ak\u015fam yeme\u011fi otelimizde. Serbest g\u00fcn. \n              <\/p>\n              <p>\n                <strong>6.G\u00dcN: MEKKE<\/strong>\n                <br>Kahvalt\u0131 otelimizde.7:30\u2019da Mekke civar\u0131ndaki Sevr Da\u011f\u0131, Arafat, M\u00fczdelife, Mina, \u015eeytan Ta\u015flama Mahalleri, Nur Da\u011f\u0131, Cennet\u00fc'l-Mualla Mezarl\u0131\u011f\u0131, Cin Mescidi ve Peygamberimizin do\u011fdu\u011fu yere ziyaret turu. Ak\u015fam yeme\u011fi otelimizde. \n              <\/p>\n              <p>\n                <strong>7.G\u00dcN: MEKKE<\/strong>\n                <br>Kahvalt\u0131 ve Ak\u015fam yeme\u011fi otelimizde. Serbest g\u00fcn. \n              <\/p>\n              <p>\n                <strong>8.G\u00dcN: MEKKE \u2013 C\u0130DDE \u2013 \u0130STANBUL<\/strong>\n                <br>Kahvalt\u0131 otelimizde. Saat 07.00\u2019da bagajlar\u0131n oda kap\u0131lar\u0131 \u00f6n\u00fcne b\u0131rak\u0131lmas\u0131. Saat 13.30\u2019da Cidde\u2019ye hareket. Bagaj, bilet ve pasaport i\u015flemlerinden sonra          havayolu ile saat:        da u\u00e7u\u015f ve saat:       da \u0130stanbul\u2019a ho\u015f geldiniz . \n              <\/p>\n              <p class=\"k\u0131rm\u0131z\u0131\">NOT: Otel ve saatler de\u011fi\u015fkenlik g\u00f6sterebilir.<\/p>\n            <\/div>\n            <h3 style=\"background:#A35559; color:white; padding:10px;\">GENEL \u015eARTLAR<\/h3>\n            <div style=\"font-size:14px; line-height:1.7;\">\n              <p>\n                <strong>V\u0130ZE \u0130\u00c7\u0130N GEREKL\u0130 EVRAKLAR<\/strong>\n              <\/p>\n              <ul>\n                <li>\u00c7ipli pasaport (en az 1 y\u0131l ge\u00e7erli)<\/li>\n                <li>N\u00fcfus kay\u0131t \u00f6rne\u011fi, evlilik c\u00fczdan\u0131 (kad\u0131nlar i\u00e7in)<\/li>\n                <li>18 ya\u015f alt\u0131 bireylerde noter onayl\u0131 muvafakatname<\/li>\n                <li>45 ya\u015f alt\u0131 kad\u0131nlar yanlar\u0131nda 1. derece akraba ile gitmelidir<\/li>\n              <\/ul>\n              <p>\n                <strong>DAH\u0130L OLAN H\u0130ZMETLER<\/strong>\n              <\/p>\n              <ul>\n                <li>U\u00e7ak biletleri, transferler, konaklama, rehberlik<\/li>\n                <li>Sabah kahvalt\u0131s\u0131 ve ak\u015fam yeme\u011fi a\u00e7\u0131k b\u00fcfe<\/li>\n                <li>Sigorta, diyanet kart\u0131, Mekke-Medine otob\u00fcsleri<\/li>\n              <\/ul>\n              <p>\n                <strong>\u00c7OCUK \u00dcCRETLER\u0130<\/strong>\n              <\/p>\n              <ul>\n                <li>0\u20132 ya\u015f: 550 $<\/li>\n                <li>3\u20135 ya\u015f: 950 $<\/li>\n                <li>6\u201311 ya\u015f: 1100 $<\/li>\n              <\/ul>\n              <p>\n                <strong>\u0130PTAL \u015eARTLARI<\/strong>\n              <\/p>\n              <ul>\n                <li>Yola \u00e7\u0131kmadan 1 hafta \u00f6ncesine kadar %50 kesinti uygulan\u0131r<\/li>\n                <li>U\u00e7u\u015fa 2 g\u00fcn kala iptalde \u201cNo Show\u201d \u00fccreti al\u0131n\u0131r<\/li>\n              <\/ul>\n            <\/div>\n          <\/div>\n        <\/div>\n      <\/div>\n    <\/section>\n    \n    \n    \n    \n  \n","protected":false},"excerpt":{"rendered":"<p>L\u00dcKS UMRE 8G\u00dcN MEKKE OTEL\u0130(11 Gece) Makkah Otel (Eski Hilton) G\u00fcn Say\u0131s\u0131: 7 Gece 8 G\u00fcn Gidi\u015f Tarihi: 22 \u015eUBAT 2025 (\u0130ST\/MED) Ara Ge\u00e7i\u015f: 25 \u015eUBAT 2025 (MED\/MEK) D\u00f6n\u00fc\u015f Tarihi: 1 MART 2025 (C\u0130D\/\u0130ST) Yemek Bilgisi: Sabah kahvalt\u0131s\u0131 ve Ak\u015fam yeme\u011fi A\u00e7\u0131k B\u00fcfe MED\u0130NE OTEL\u0130(3 Gece) Al Rawda Royal Inn ve Movenpick Otel vb (50 &hellip; <a href=\"https:\/\/xn--ennurturizm-qgc.com\/index.php\/tur-detayi-luks\/\" class=\"more-link\">Continue reading<span class=\"screen-reader-text\"> &#8220;TUR DETAYI (L\u00dcKS)&#8221;<\/span><\/a><\/p>\n","protected":false},"author":1,"featured_media":0,"parent":0,"menu_order":8,"comment_status":"closed","ping_status":"closed","template":"","meta":{"footnotes":""},"class_list":["post-62","page","type-page","status-publish","hentry"],"_links":{"self":[{"href":"https:\/\/xn--ennurturizm-qgc.com\/index.php\/wp-json\/wp\/v2\/pages\/62","targetHints":{"allow":["GET"]}}],"collection":[{"href":"https:\/\/xn--ennurturizm-qgc.com\/index.php\/wp-json\/wp\/v2\/pages"}],"about":[{"href":"https:\/\/xn--ennurturizm-qgc.com\/index.php\/wp-json\/wp\/v2\/types\/page"}],"author":[{"embeddable":true,"href":"https:\/\/xn--ennurturizm-qgc.com\/index.php\/wp-json\/wp\/v2\/users\/1"}],"replies":[{"embeddable":true,"href":"https:\/\/xn--ennurturizm-qgc.com\/index.php\/wp-json\/wp\/v2\/comments?post=62"}],"version-history":[{"count":2,"href":"https:\/\/xn--ennurturizm-qgc.com\/index.php\/wp-json\/wp\/v2\/pages\/62\/revisions"}],"predecessor-version":[{"id":392,"href":"https:\/\/xn--ennurturizm-qgc.com\/index.php\/wp-json\/wp\/v2\/pages\/62\/revisions\/392"}],"wp:attachment":[{"href":"https:\/\/xn--ennurturizm-qgc.com\/index.php\/wp-json\/wp\/v2\/media?parent=62"}],"curies":[{"name":"wp","href":"https:\/\/api.w.org\/{rel}","templated":true}]}}